{"id":7,"date":"2015-02-24T14:30:33","date_gmt":"2015-02-24T13:30:33","guid":{"rendered":"http:\/\/wp12309074.server-he.de\/?page_id=7"},"modified":"2026-04-02T12:14:36","modified_gmt":"2026-04-02T10:14:36","slug":"home","status":"publish","type":"page","link":"https:\/\/www.tierarzt-ahnatal.de\/","title":{"rendered":"Home"},"content":{"rendered":"<h3 class=\"widget-title\">Tier\u00e4rztliche Praxis<\/h3>\n<p>Simone Pru\u00df-Simon<br \/>\nHoststr. 17<br \/>\n34292 Ahnatal<br \/>\nTelefon 05609 \u2013 80 83 30<br \/>\nTelefax 05609 \u2013 80 83 32<\/p>\n<p>Mail : tierarzt-ahnatal@t-online.de<\/p>\n<h3><\/h3>\n<h3 class=\"widget-title\">Sprechzeiten<\/h3>\n<p>Montag: 08:00-10:00 Uhr und 16:00-18:30 Uhr<\/p>\n<p>Dienstag: 08:00-10:00 Uhr<\/p>\n<p>Mittwoch: 08:00-10:00 Uhr und 16:00-18:30 Uhr<\/p>\n<p>Donnerstag: 08:00-10:00 Uhr<\/p>\n<p>Freitag: 08:00-10:00 Uhr und 16:00-18:30 Uhr<\/p>\n<p>Samstag: 08:00-10:00 Uhr<\/p>\n<p><strong>Bitte vereinbaren Sie mit uns telefonisch einen Termin !!<\/strong><\/p>\n<h2>Urlaub<\/h2>\n<p>W\u00e4hrend der Osterfeiertage\u00a0 haben wir von Freitag den 03.04.26 bis einschlie\u00dflich Montag den 06.04.26 geschlossen.<\/p>\n<p>&nbsp;<\/p>\n<h2>Kundeninformation<\/h2>\n<p>Da wir ausschlie\u00dflich eine Terminsprechstunde haben, bitten wir Sie im vorhinein einen Termin mit uns zu vereinbaren.<\/p>\n<p>Sollte die Beschwerde kurzfristig auftreten bitten wir Sie trotzdem vorher anzurufen.<\/p>\n<p>Bei einem Erscheinen mit Tier und ohne Termin, wird die Behandlung im Notdienst abgerechnet.<\/p>\n<h6>(Die Geb\u00fchrenordnung f\u00fcr Tier\u00e4rzte (GOT) gibt gem\u00e4\u00df \u00a74(1) vor, dass Behandlungen im Notdienst mit dem 2-fachen bis 4-fachen Satz abgerechnet werden m\u00fcssen und eine Notdienstgeb\u00fchr von 50 Euro erhoben wird.)<\/h6>\n<h3>Notdienst Plan f\u00fcr 2023\/2024<\/h3>\n<p><strong><a href=\"https:\/\/tiernotdienst-kassel.de\/\" target=\"_blank\" rel=\"noopener\">www.tiernotdienst-kassel.de<\/a><\/strong><\/p>\n","protected":false},"excerpt":{"rendered":"<p>Tier\u00e4rztliche Praxis Simone Pru\u00df-Simon Hoststr. 17 34292 Ahnatal Telefon 05609 \u2013 80 83 30 Telefax 05609 \u2013 80 83 32 Mail : tierarzt-ahnatal@t-online.de Sprechzeiten Montag: 08:00-10:00 Uhr und 16:00-18:30 Uhr Dienstag: 08:00-10:00 Uhr Mittwoch: 08:00-10:00 Uhr und 16:00-18:30 Uhr Donnerstag: &hellip; <a href=\"https:\/\/www.tierarzt-ahnatal.de\/\">Weiter<\/a><\/p>\n","protected":false},"author":1,"featured_media":0,"parent":0,"menu_order":0,"comment_status":"closed","ping_status":"closed","template":"","meta":{"footnotes":""},"class_list":["post-7","page","type-page","status-publish","hentry"],"_links":{"self":[{"href":"https:\/\/www.tierarzt-ahnatal.de\/index.php?rest_route=\/wp\/v2\/pages\/7","targetHints":{"allow":["GET"]}}],"collection":[{"href":"https:\/\/www.tierarzt-ahnatal.de\/index.php?rest_route=\/wp\/v2\/pages"}],"about":[{"href":"https:\/\/www.tierarzt-ahnatal.de\/index.php?rest_route=\/wp\/v2\/types\/page"}],"author":[{"embeddable":true,"href":"https:\/\/www.tierarzt-ahnatal.de\/index.php?rest_route=\/wp\/v2\/users\/1"}],"replies":[{"embeddable":true,"href":"https:\/\/www.tierarzt-ahnatal.de\/index.php?rest_route=%2Fwp%2Fv2%2Fcomments&post=7"}],"version-history":[{"count":90,"href":"https:\/\/www.tierarzt-ahnatal.de\/index.php?rest_route=\/wp\/v2\/pages\/7\/revisions"}],"predecessor-version":[{"id":285,"href":"https:\/\/www.tierarzt-ahnatal.de\/index.php?rest_route=\/wp\/v2\/pages\/7\/revisions\/285"}],"wp:attachment":[{"href":"https:\/\/www.tierarzt-ahnatal.de\/index.php?rest_route=%2Fwp%2Fv2%2Fmedia&parent=7"}],"curies":[{"name":"wp","href":"https:\/\/api.w.org\/{rel}","templated":true}]}}